{"id":89,"date":"2024-07-05T04:18:34","date_gmt":"2024-07-05T04:18:34","guid":{"rendered":"https:\/\/phongtraoduytan.com\/?page_id=89"},"modified":"2026-03-26T04:18:00","modified_gmt":"2026-03-26T04:18:00","slug":"ve-chung-toi","status":"publish","type":"page","link":"https:\/\/diendanduytan.com\/?page_id=89","title":{"rendered":"V\u1ec1 ch\u00fang t\u00f4i"},"content":{"rendered":"\n<p><strong>Di\u1ec5n \u0110\u00e0n Duy T\u00e2n<\/strong> l\u00e0 m\u1ed9t trang th\u00f4ng tin cung c\u1ea5p c\u00e1c g\u00f3c nh\u00ecn \u0111a chi\u1ec1u v\u1ec1 Vi\u1ec7t Nam v\u00e0 th\u1ebf gi\u1edbi. Di\u1ec5n \u0110\u00e0n Duy T\u00e2n \u0111\u01b0\u1ee3c kh\u1edfi x\u01b0\u1edbng v\u00e0 \u0111i\u1ec1u h\u00e0nh b\u1edfi c\u00e1c th\u00e0nh vi\u00ean c\u1ee7a <a href=\"https:\/\/phongtraoduytan.com\/\" target=\"_blank\" rel=\"noreferrer noopener\">Phong tr\u00e0o Duy T\u00e2n<\/a>. \u00dd ki\u1ebfn c\u1ee7a c\u00e1c t\u00e1c gi\u1ea3 b\u00e0i vi\u1ebft kh\u00f4ng nh\u1ea5t thi\u1ebft ph\u1ea3n \u00e1nh quan \u0111i\u1ec3m c\u1ee7a Phong tr\u00e0o Duy T\u00e2n. Li\u00ean l\u1ea1c v\u00e0 g\u1eedi b\u00e0i cho Di\u1ec5n \u0110\u00e0n Duy T\u00e2n xin theo \u0111\u1ecba ch\u1ec9 email b\u00ean d\u01b0\u1edbi.<\/p>\n\n\n\n<p><strong>S\u1ee9 m\u1ec7nh<\/strong> <strong>c\u1ee7a Phong tr\u00e0o Duy T\u00e2n<\/strong>: Phong tr\u00e0o Duy T\u00e2n l\u00e0 m\u1ed9t t\u1ed5 ch\u1ee9c c\u00f3 s\u1ee9 m\u1ec7nh nh\u1eb1m ki\u1ebfn t\u1ea1o m\u1ed9t n\u01b0\u1edbc Vi\u1ec7t Nam d\u00e2n ch\u1ee7, t\u1ef1 do, v\u00e0 c\u01b0\u1eddng th\u1ecbnh. \u0110\u1ecdc \u0111\u1ea7y \u0111\u1ee7\u00a0<a href=\"https:\/\/phongtraoduytan.com\/cuong-linh\/\" target=\"_blank\" rel=\"noreferrer noopener\">c\u01b0\u01a1ng l\u0129nh \u1edf \u0111\u00e2y<\/a>. Trang web ch\u00ednh th\u1ee9c c\u1ee7a Phong tr\u00e0o Duy T\u00e2n: <a href=\"https:\/\/phongtraoduytan.com\/\" target=\"_blank\" rel=\"noreferrer noopener\">www.phongtraoduytan.com<\/a>.<\/p>\n\n\n\n<p><strong>L\u00e3nh \u0111\u1ea1o<\/strong>: Phong tr\u00e0o Duy T\u00e2n \u0111\u01b0\u1ee3c l\u00e3nh \u0111\u1ea1o b\u1edfi Ti\u1ebfn s\u1ef9 Nguy\u1ec5n Huy V\u0169. \u0110\u1ecdc&nbsp;<a href=\"https:\/\/phongtraoduytan.com\/lanh-dao\/\" target=\"_blank\" rel=\"noreferrer noopener\">ti\u1ec3u s\u1eed c\u1ee7a \u00f4ng \u1edf \u0111\u00e2y<\/a>.<\/p>\n\n\n\n<p><strong>H\u1ed7 tr\u1ee3<\/strong>: Phong tr\u00e0o Duy T\u00e2n tr\u00e2n tr\u1ecdng \u0111\u00f3n nh\u1eadn s\u1ef1 h\u1ed7 tr\u1ee3 t\u00e0i ch\u00ednh nh\u1eb1m ph\u1ee5c v\u1ee5 m\u1ee5c ti\u00eau x\u00e2y d\u1ef1ng th\u01b0 vi\u1ec7n h\u1ecdc thu\u1eadt v\u1ec1 kinh t\u1ebf v\u00e0 ch\u00ednh tr\u1ecb t\u1ef1 do.<br>M\u1ecdi s\u1ef1 \u0111\u00f3ng g\u00f3p xin vui l\u00f2ng g\u1eedi v\u1ec1 t\u00e0i kho\u1ea3n PayPal theo \u0111\u1ecba ch\u1ec9 sau:&nbsp;<a href=\"https:\/\/www.paypal.com\/ncp\/payment\/UU59SW26EEPVL\" target=\"_blank\" rel=\"noreferrer noopener\">paypal.me\/phongtraoduytan<\/a><\/p>\n\n\n\n<p><strong>Li\u00ean h\u1ec7<\/strong>: lienlac@phongtraoduytan.com, ho\u1eb7c phongtraoduytanvietnam@gmail.com<\/p>\n","protected":false},"excerpt":{"rendered":"<p>Di\u1ec5n \u0110\u00e0n Duy T\u00e2n l\u00e0 m\u1ed9t trang th\u00f4ng tin cung c\u1ea5p c\u00e1c g\u00f3c nh\u00ecn \u0111a chi\u1ec1u v\u1ec1 Vi\u1ec7t Nam v\u00e0 th\u1ebf gi\u1edbi. Di\u1ec5n \u0110\u00e0n Duy T\u00e2n \u0111\u01b0\u1ee3c kh\u1edfi x\u01b0\u1edbng v\u00e0 \u0111i\u1ec1u h\u00e0nh b\u1edfi c\u00e1c th\u00e0nh vi\u00ean c\u1ee7a Phong tr\u00e0o Duy T\u00e2n. \u00dd ki\u1ebfn c\u1ee7a c\u00e1c t\u00e1c gi\u1ea3 b\u00e0i vi\u1ebft kh\u00f4ng nh\u1ea5t thi\u1ebft ph\u1ea3n \u00e1nh quan [&hellip;]<\/p>\n","protected":false},"author":2,"featured_media":0,"parent":0,"menu_order":0,"comment_status":"closed","ping_status":"closed","template":"","meta":{"footnotes":""},"class_list":["post-89","page","type-page","status-publish","hentry"],"_links":{"self":[{"href":"https:\/\/diendanduytan.com\/index.php?rest_route=\/wp\/v2\/pages\/89","targetHints":{"allow":["GET"]}}],"collection":[{"href":"https:\/\/diendanduytan.com\/index.php?rest_route=\/wp\/v2\/pages"}],"about":[{"href":"https:\/\/diendanduytan.com\/index.php?rest_route=\/wp\/v2\/types\/page"}],"author":[{"embeddable":true,"href":"https:\/\/diendanduytan.com\/index.php?rest_route=\/wp\/v2\/users\/2"}],"replies":[{"embeddable":true,"href":"https:\/\/diendanduytan.com\/index.php?rest_route=%2Fwp%2Fv2%2Fcomments&post=89"}],"version-history":[{"count":1,"href":"https:\/\/diendanduytan.com\/index.php?rest_route=\/wp\/v2\/pages\/89\/revisions"}],"predecessor-version":[{"id":1113,"href":"https:\/\/diendanduytan.com\/index.php?rest_route=\/wp\/v2\/pages\/89\/revisions\/1113"}],"wp:attachment":[{"href":"https:\/\/diendanduytan.com\/index.php?rest_route=%2Fwp%2Fv2%2Fmedia&parent=89"}],"curies":[{"name":"wp","href":"https:\/\/api.w.org\/{rel}","templated":true}]}}